{"id":176,"date":"2024-04-05T13:35:12","date_gmt":"2024-04-05T18:35:12","guid":{"rendered":"https:\/\/www.webuildhabitat.org\/?page_id=176"},"modified":"2026-03-02T10:49:27","modified_gmt":"2026-03-02T16:49:27","slug":"events","status":"publish","type":"page","link":"http:\/\/www.webuildhabitat.org\/bs\/about\/events\/","title":{"rendered":"Doga\u0111aji"},"content":{"rendered":"<div class=\"wp-block-group has-global-padding\"><div class=\"wp-block-group__inner-container is-layout-constrained wp-block-group-is-layout-constrained\">\n<div style=\"height:40px\" aria-hidden=\"true\" class=\"wp-block-spacer\"><\/div>\n\n\n\n<div class=\"wp-block-columns is-layout-flex wp-container-core-columns-is-layout-28f84493 wp-block-columns-is-layout-flex\">\n<div class=\"wp-block-column is-layout-flow wp-block-column-is-layout-flow\" style=\"flex-basis:55%\">\n<h2 class=\"wp-block-heading\"><strong>Women Build 2026<\/strong><\/h2>\n\n\n\n<h4 class=\"wp-block-heading\"><strong>Rally Your Team &amp; Register Now!<\/strong><\/h4>\n\n\n\n<p>From April\u2013November, women in our community are coming together to build strength, stability, and self-reliance through shelter. Grab your coworkers, besties, sisters, or teammates and form a crew! Kick things off at our Women Build Breakfast, then head to the build site to make a real impact \u2014 no experience needed.<\/p>\n\n\n\n<p>Contact Rylee Petersen to register!<\/p>\n\n\n\n<p>rpetersen@webuildhabitat.org | (319) 235-9946<\/p>\n\n\n\n<div class=\"wp-block-buttons is-layout-flex wp-block-buttons-is-layout-flex\">\n<div class=\"wp-block-button blue-button\"><a class=\"wp-block-button__link wp-element-button\" href=\"https:\/\/www.webuildhabitat.org\/wp-content\/uploads\/2026\/03\/Women-Build-Sponsor-Sheet-2026-1.png\" target=\"_blank\" rel=\"noreferrer noopener\">Informacije o sponzorstvu<\/a><\/div>\n\n\n\n<div class=\"wp-block-button blue-button\"><a class=\"wp-block-button__link wp-element-button\" href=\"mailto:rpetersen@webuildhabitat.org\" target=\"_blank\" rel=\"noreferrer noopener\">Register Now!<\/a><\/div>\n<\/div>\n<\/div>\n\n\n\n<div class=\"wp-block-column no-margin is-layout-flow wp-block-column-is-layout-flow\" style=\"flex-basis:45%\">\n<figure class=\"wp-block-image size-full\"><img loading=\"lazy\" decoding=\"async\" width=\"940\" height=\"788\" src=\"https:\/\/www.webuildhabitat.org\/wp-content\/uploads\/2026\/03\/Women-Build-2026-Social-Media-Designs-940x788-1.png\" alt=\"\" class=\"wp-image-2239\" srcset=\"https:\/\/www.webuildhabitat.org\/wp-content\/uploads\/2026\/03\/Women-Build-2026-Social-Media-Designs-940x788-1.png 940w, https:\/\/www.webuildhabitat.org\/wp-content\/uploads\/2026\/03\/Women-Build-2026-Social-Media-Designs-940x788-1-300x251.png 300w, https:\/\/www.webuildhabitat.org\/wp-content\/uploads\/2026\/03\/Women-Build-2026-Social-Media-Designs-940x788-1-768x644.png 768w, https:\/\/www.webuildhabitat.org\/wp-content\/uploads\/2026\/03\/Women-Build-2026-Social-Media-Designs-940x788-1-14x12.png 14w\" sizes=\"auto, (max-width: 940px) 100vw, 940px\" \/><\/figure>\n<\/div>\n<\/div>\n\n\n\n<div style=\"height:40px\" aria-hidden=\"true\" class=\"wp-block-spacer\"><\/div>\n\n\n\n<hr class=\"wp-block-separator has-alpha-channel-opacity\"\/>\n<\/div><\/div>\n\n\n\n<div class=\"wp-block-group has-global-padding\"><div class=\"wp-block-group__inner-container is-layout-constrained wp-block-group-is-layout-constrained\">\n<div style=\"height:40px\" aria-hidden=\"true\" class=\"wp-block-spacer\"><\/div>\n\n\n\n<div class=\"wp-block-columns is-layout-flex wp-container-core-columns-is-layout-28f84493 wp-block-columns-is-layout-flex\">\n<div class=\"wp-block-column is-layout-flow wp-block-column-is-layout-flow\" style=\"flex-basis:55%\">\n<h2 class=\"wp-block-heading\"><strong>Izgradnja ku\u0107a u Parkersburgu 2025-2026<\/strong><\/h2>\n\n\n\n<h4 class=\"wp-block-heading\"><strong>Zajedno gradimo zajednicu u Parkersburgu<\/strong><\/h4>\n\n\n\n<p>Pridru\u017eite nam se na gradnji ku\u0107a u Parkersburgu za 2025-2026. godinu \u2014 prilika za anga\u017eman, osna\u017eivanje i inspiraciju kroz prakti\u010dno volontiranje.<\/p>\n\n\n\n<p>Kao sponzor, ne podr\u017eavate samo projekat - gradite ja\u010du ruralnu Iowu.<\/p>\n\n\n\n<div class=\"wp-block-buttons is-layout-flex wp-block-buttons-is-layout-flex\">\n<div class=\"wp-block-button blue-button\"><a class=\"wp-block-button__link wp-element-button\" href=\"https:\/\/www.webuildhabitat.org\/wp-content\/uploads\/2025\/08\/Parkersburg-Build-Sponsor-Sheet-2025-1.png\" target=\"_blank\" rel=\"noreferrer noopener\">Informacije o sponzorstvu<\/a><\/div>\n<\/div>\n<\/div>\n\n\n\n<div class=\"wp-block-column no-margin is-layout-flow wp-block-column-is-layout-flow\" style=\"flex-basis:45%\">\n<figure class=\"wp-block-image size-full\"><img loading=\"lazy\" decoding=\"async\" width=\"1080\" height=\"1080\" src=\"https:\/\/www.webuildhabitat.org\/wp-content\/uploads\/2025\/08\/Parkersburg-2025-Social-Media-Designs-Instagram-Post.png\" alt=\"\" class=\"wp-image-1836\" srcset=\"https:\/\/www.webuildhabitat.org\/wp-content\/uploads\/2025\/08\/Parkersburg-2025-Social-Media-Designs-Instagram-Post.png 1080w, https:\/\/www.webuildhabitat.org\/wp-content\/uploads\/2025\/08\/Parkersburg-2025-Social-Media-Designs-Instagram-Post-300x300.png 300w, https:\/\/www.webuildhabitat.org\/wp-content\/uploads\/2025\/08\/Parkersburg-2025-Social-Media-Designs-Instagram-Post-1024x1024.png 1024w, https:\/\/www.webuildhabitat.org\/wp-content\/uploads\/2025\/08\/Parkersburg-2025-Social-Media-Designs-Instagram-Post-150x150.png 150w, https:\/\/www.webuildhabitat.org\/wp-content\/uploads\/2025\/08\/Parkersburg-2025-Social-Media-Designs-Instagram-Post-768x768.png 768w\" sizes=\"auto, (max-width: 1080px) 100vw, 1080px\" \/><\/figure>\n<\/div>\n<\/div>\n\n\n\n<div style=\"height:40px\" aria-hidden=\"true\" class=\"wp-block-spacer\"><\/div>\n\n\n\n<hr class=\"wp-block-separator has-alpha-channel-opacity\"\/>\n<\/div><\/div>\n\n\n\n<div class=\"wp-block-group hidden has-global-padding\"><div class=\"wp-block-group__inner-container is-layout-constrained wp-block-group-is-layout-constrained\">\n<div style=\"height:40px\" aria-hidden=\"true\" class=\"wp-block-spacer\"><\/div>\n\n\n\n<div class=\"wp-block-columns is-layout-flex wp-container-core-columns-is-layout-28f84493 wp-block-columns-is-layout-flex\">\n<div class=\"wp-block-column is-layout-flow wp-block-column-is-layout-flow\" style=\"flex-basis:55%\">\n<h2 class=\"wp-block-heading\"><strong>Women Build 2025<\/strong><\/h2>\n\n\n\n<h4 class=\"wp-block-heading\"><strong>Sponsorship and Experiences Information<\/strong><\/h4>\n\n\n\n<p>We are currently accepting sponsorships for Women Build 2025. Click the button below for more information!<\/p>\n\n\n\n<div class=\"wp-block-buttons is-layout-flex wp-block-buttons-is-layout-flex\">\n<div class=\"wp-block-button blue-button\"><a class=\"wp-block-button__link wp-element-button\" href=\"https:\/\/webuildhabitat.org\/wp-content\/uploads\/2024\/12\/Women-Build-Sponsor-Sheet-2024-1-1.png\" target=\"_blank\" rel=\"noreferrer noopener\">Informacije o sponzorstvu<\/a><\/div>\n<\/div>\n<\/div>\n\n\n\n<div class=\"wp-block-column no-margin is-layout-flow wp-block-column-is-layout-flow\" style=\"flex-basis:45%\">\n<figure class=\"wp-block-image size-full\"><img loading=\"lazy\" decoding=\"async\" width=\"940\" height=\"788\" src=\"https:\/\/webuildhabitat.org\/wp-content\/uploads\/2024\/12\/Women-Build-2025-Social-Media-Designs.png\" alt=\"\" class=\"wp-image-1033\" srcset=\"https:\/\/www.webuildhabitat.org\/wp-content\/uploads\/2024\/12\/Women-Build-2025-Social-Media-Designs.png 940w, https:\/\/www.webuildhabitat.org\/wp-content\/uploads\/2024\/12\/Women-Build-2025-Social-Media-Designs-300x251.png 300w, https:\/\/www.webuildhabitat.org\/wp-content\/uploads\/2024\/12\/Women-Build-2025-Social-Media-Designs-768x644.png 768w\" sizes=\"auto, (max-width: 940px) 100vw, 940px\" \/><\/figure>\n<\/div>\n<\/div>\n\n\n\n<div style=\"height:40px\" aria-hidden=\"true\" class=\"wp-block-spacer\"><\/div>\n\n\n\n<hr class=\"wp-block-separator has-alpha-channel-opacity\"\/>\n<\/div><\/div>\n\n\n\n<div class=\"wp-block-group hidden has-global-padding\"><div class=\"wp-block-group__inner-container is-layout-constrained wp-block-group-is-layout-constrained\">\n<div style=\"height:40px\" aria-hidden=\"true\" class=\"wp-block-spacer\"><\/div>\n\n\n\n<h2 class=\"wp-block-heading\"><strong>Women Build 202<\/strong>5<\/h2>\n\n\n\n<h4 class=\"wp-block-heading\"><strong>Sponsorship and Experiences Information<\/strong><\/h4>\n\n\n\n<figure class=\"wp-block-gallery has-nested-images columns-4 is-cropped wp-block-gallery-1 is-layout-flex wp-block-gallery-is-layout-flex\">\n<figure class=\"wp-block-image size-large\"><img loading=\"lazy\" decoding=\"async\" width=\"512\" height=\"512\" data-id=\"184\" src=\"https:\/\/webuildhabitat.org\/wp-content\/uploads\/2024\/04\/Women-Build_icon.jpg\" alt=\"\" class=\"wp-image-184\" srcset=\"https:\/\/www.webuildhabitat.org\/wp-content\/uploads\/2024\/04\/Women-Build_icon.jpg 512w, https:\/\/www.webuildhabitat.org\/wp-content\/uploads\/2024\/04\/Women-Build_icon-300x300.jpg 300w, https:\/\/www.webuildhabitat.org\/wp-content\/uploads\/2024\/04\/Women-Build_icon-150x150.jpg 150w\" sizes=\"auto, (max-width: 512px) 100vw, 512px\" \/><\/figure>\n\n\n\n<figure class=\"wp-block-image size-large\"><img loading=\"lazy\" decoding=\"async\" width=\"1024\" height=\"1024\" data-id=\"594\" src=\"https:\/\/webuildhabitat.org\/wp-content\/uploads\/2024\/06\/312559313_419701147010322_9193579583575763448_n-2-1024x1024.jpeg\" alt=\"\" class=\"wp-image-594\" srcset=\"https:\/\/www.webuildhabitat.org\/wp-content\/uploads\/2024\/06\/312559313_419701147010322_9193579583575763448_n-2-1024x1024.jpeg 1024w, https:\/\/www.webuildhabitat.org\/wp-content\/uploads\/2024\/06\/312559313_419701147010322_9193579583575763448_n-2-300x300.jpeg 300w, https:\/\/www.webuildhabitat.org\/wp-content\/uploads\/2024\/06\/312559313_419701147010322_9193579583575763448_n-2-150x150.jpeg 150w, https:\/\/www.webuildhabitat.org\/wp-content\/uploads\/2024\/06\/312559313_419701147010322_9193579583575763448_n-2-768x768.jpeg 768w, https:\/\/www.webuildhabitat.org\/wp-content\/uploads\/2024\/06\/312559313_419701147010322_9193579583575763448_n-2.jpeg 1440w\" sizes=\"auto, (max-width: 1024px) 100vw, 1024px\" \/><\/figure>\n\n\n\n<figure class=\"wp-block-image size-large\"><img loading=\"lazy\" decoding=\"async\" width=\"799\" height=\"533\" data-id=\"485\" src=\"https:\/\/webuildhabitat.org\/wp-content\/uploads\/2024\/05\/53743782120_336174b021_c.jpg\" alt=\"\" class=\"wp-image-485\" srcset=\"https:\/\/www.webuildhabitat.org\/wp-content\/uploads\/2024\/05\/53743782120_336174b021_c.jpg 799w, https:\/\/www.webuildhabitat.org\/wp-content\/uploads\/2024\/05\/53743782120_336174b021_c-300x200.jpg 300w, https:\/\/www.webuildhabitat.org\/wp-content\/uploads\/2024\/05\/53743782120_336174b021_c-768x512.jpg 768w\" sizes=\"auto, (max-width: 799px) 100vw, 799px\" \/><\/figure>\n\n\n\n<figure class=\"wp-block-image size-large\"><img loading=\"lazy\" decoding=\"async\" width=\"800\" height=\"618\" data-id=\"481\" src=\"https:\/\/webuildhabitat.org\/wp-content\/uploads\/2024\/05\/53725961033_4e2c71db5a_c.jpg\" alt=\"\" class=\"wp-image-481\" srcset=\"https:\/\/www.webuildhabitat.org\/wp-content\/uploads\/2024\/05\/53725961033_4e2c71db5a_c.jpg 800w, https:\/\/www.webuildhabitat.org\/wp-content\/uploads\/2024\/05\/53725961033_4e2c71db5a_c-300x232.jpg 300w, https:\/\/www.webuildhabitat.org\/wp-content\/uploads\/2024\/05\/53725961033_4e2c71db5a_c-768x593.jpg 768w\" sizes=\"auto, (max-width: 800px) 100vw, 800px\" \/><\/figure>\n<\/figure>\n\n\n\n<p>We are currently accepting sponsorships for Women Build 2025. Click the button below for more information!<\/p>\n\n\n\n<div class=\"wp-block-buttons is-layout-flex wp-block-buttons-is-layout-flex\">\n<div class=\"wp-block-button blue-button\"><a class=\"wp-block-button__link wp-element-button\" href=\"https:\/\/webuildhabitat.org\/wp-content\/uploads\/2024\/12\/Women-Build-Sponsor-Sheet-2024-1.png\" target=\"_blank\" rel=\"noreferrer noopener\">Informacije o sponzorstvu<\/a><\/div>\n<\/div>\n\n\n\n<div style=\"height:40px\" aria-hidden=\"true\" class=\"wp-block-spacer\"><\/div>\n\n\n\n<hr class=\"wp-block-separator has-alpha-channel-opacity\"\/>\n<\/div><\/div>\n\n\n\n<div id=\"calendar\" class=\"wp-block-group has-global-padding\"><div class=\"wp-block-group__inner-container is-layout-constrained wp-block-group-is-layout-constrained\">\n<div style=\"height:40px\" aria-hidden=\"true\" id=\"calendar\" class=\"wp-block-spacer\"><\/div>\n\n\n\n<div style=\"height:40px\" aria-hidden=\"true\" class=\"wp-block-spacer\"><\/div>\n\n\n\n<h2 class=\"wp-block-heading\"><strong>Event Calendar<\/strong><\/h2>\n\n\n\n<iframe src=\"https:\/\/calendar.zoho.com\/zc\/ui\/embed\/#calendar=zz080112301e74886d8319a613d2db94a5c7bf83126593f3a2cdc91a6c3efbfd4907422ce85130b00b8d17b65b2aee24d3c614cd8c&title=Event%20Calendar%202025&type=1&language=en&timezone=America%2FChicago&showTitle=1&showTimezone=1&startingDayOfWeek=0&timeFormat=0&view=month&showDetail=0&theme=1&showAttendee=0&showSwitchingViews=1&eventColorType=bold&showAllEvents=0\"width=\"100%\" height=\"600\" frameborder=\"0\" scrolling=\"no\"><\/iframe>\n\n\n\n<div style=\"height:40px\" aria-hidden=\"true\" class=\"wp-block-spacer\"><\/div>\n\n\n\n<hr class=\"wp-block-separator has-alpha-channel-opacity\"\/>\n<\/div><\/div>\n\n\n\n<p><\/p>","protected":false},"excerpt":{"rendered":"<p>Women Build 2026 Rally Your Team &amp; Register Now! From April\u2013November, women in our community are coming together to build strength, stability, and self-reliance through shelter. Grab your coworkers, besties, sisters, or teammates and form a crew! Kick things off at our Women Build Breakfast, then head to the build site to make a real [&hellip;]<\/p>\n","protected":false},"author":3,"featured_media":0,"parent":56,"menu_order":0,"comment_status":"closed","ping_status":"closed","template":"","meta":{"_acf_changed":false,"inline_featured_image":false,"footnotes":""},"class_list":["post-176","page","type-page","status-publish","hentry"],"acf":[],"_links":{"self":[{"href":"http:\/\/www.webuildhabitat.org\/bs\/wp-json\/wp\/v2\/pages\/176","targetHints":{"allow":["GET"]}}],"collection":[{"href":"http:\/\/www.webuildhabitat.org\/bs\/wp-json\/wp\/v2\/pages"}],"about":[{"href":"http:\/\/www.webuildhabitat.org\/bs\/wp-json\/wp\/v2\/types\/page"}],"author":[{"embeddable":true,"href":"http:\/\/www.webuildhabitat.org\/bs\/wp-json\/wp\/v2\/users\/3"}],"replies":[{"embeddable":true,"href":"http:\/\/www.webuildhabitat.org\/bs\/wp-json\/wp\/v2\/comments?post=176"}],"version-history":[{"count":0,"href":"http:\/\/www.webuildhabitat.org\/bs\/wp-json\/wp\/v2\/pages\/176\/revisions"}],"up":[{"embeddable":true,"href":"http:\/\/www.webuildhabitat.org\/bs\/wp-json\/wp\/v2\/pages\/56"}],"wp:attachment":[{"href":"http:\/\/www.webuildhabitat.org\/bs\/wp-json\/wp\/v2\/media?parent=176"}],"curies":[{"name":"wp","href":"https:\/\/api.w.org\/{rel}","templated":true}]}}